{"id":3108,"date":"2012-03-20T15:33:17","date_gmt":"2012-03-20T19:33:17","guid":{"rendered":"http:\/\/blog.damasketdentelle.com\/?page_id=3108"},"modified":"2018-12-21T12:40:19","modified_gmt":"2018-12-21T17:40:19","slug":"city-guides","status":"publish","type":"page","link":"https:\/\/damasketdentelle.com\/index.php\/city-guides\/","title":{"rendered":"City Guides"},"content":{"rendered":"<p>&nbsp;<\/p>\n<p>Montr\u00e9al is the city I have called home all my life. Here are city guides, segmented in neighbourhoods, of my (and those of my collaborators) favorite spots. We&#8217;ve tried to be fair by writing some of them in Moli\u00e8re&#8217;s mother tongue and others in Shakespeare&#8217;s. Be sure to go ahead and print our takeaway in order to carry them along with you on your next excursions.<br \/>\nxoxo<br \/>\nv.<\/p>\n<h4>EDITOR&#8217;S NOTE: Our city guides have made us so happy, that we&#8217;ve decided to expand beyond the limits of our fair city. Come back often to view what we have in store for you next.<\/h4>\n<p>&nbsp;<\/p>\n<h4>****************<\/h4>\n<p>&nbsp;<\/p>\n<p>Montr\u00e9al est la ville o\u00f9 je suis n\u00e9e et o\u00f9 j&#8217;ai v\u00e9cu presque toute ma vie. Pour cette raison, j&#8217;avais envie de vous la faire d\u00e9couvrir, ou red\u00e9couvrir, \u00e0 ma fa\u00e7on. Avec l&#8217;aide de mes pr\u00e9cieuses collaboratrices, nous avons cr\u00e9\u00e9 une suite de guides de ville pour diff\u00e9rents arrondissements de notre m\u00e9tropole. Parce que le blogue de Damask &amp; Dentelle est lu dans plusieurs pays, nous avons jug\u00e9 bon d&#8217;en faire certains en anglais et d&#8217;autres en fran\u00e7ais. N&#8217;oubliez pas d&#8217;imprimer le guide \u00e0 emporter gratuit et tout &#8220;mimi&#8221;, il sera votre compas lors de vos prochaines excursions.<br \/>\nxoxo<br \/>\nv.<\/p>\n<h4>NOTE DE L&#8217;\u00c9DITRICE: Nos guides de ville nous ont tellement remplis de bonheur, que nous avons d\u00e9cid\u00e9 de franchir les fronti\u00e8res de Montr\u00e9al pour inclure d&#8217;autres r\u00e9gions du Qu\u00e9bec, ainsi que New York. Revenez nous voir souvent, pour voir ce que nous vous pr\u00e9parerons ensuite.<\/h4>\n<p>&nbsp;<\/p>\n<h3 class=\"title-venue\" style=\"padding-left: 30px;\">Our City Guides: click on the thumbnails below to discover\u00a0some of Montr\u00e9al as well as\u00a0other of our most beloved destinations.<\/h3>\n<h2 style=\"margin: 50px 0 25px 0;\">D&amp;D in Montr\u00e9al<\/h2>\n<p style=\"margin-bottom: 25px; clear: both;\"><a href=\"http:\/\/blog.damasketdentelle.com\/index.php\/city-guides\/montreal-city-guide-homa-rosemont-petite-patrie\/\"><img loading=\"lazy\" decoding=\"async\" class=\"nopin alignnone wp-image-3192 size-full\" style=\"float: left; margin-right: 35px;\" title=\"Homa-Rosemont\" src=\"http:\/\/blog.damasketdentelle.com\/wp-content\/uploads\/homa-rpp_THUMB.jpg\" alt=\"\" width=\"175\" height=\"175\" \/><\/a><a href=\"http:\/\/blog.damasketdentelle.com\/index.php\/city-guides\/montreal-city-guide-westmount-ndg\/\"><img loading=\"lazy\" decoding=\"async\" class=\"nopin alignnone\" style=\"float: left; margin-right: 35px;\" title=\"Westmount-NDG\" src=\"http:\/\/blog.damasketdentelle.com\/wp-content\/uploads\/Westmount-NDG_small.jpg\" alt=\"\" width=\"175\" height=\"172\" \/><\/a>\u00a0\u00a0<a href=\"http:\/\/blog.damasketdentelle.com\/index.php\/city-guides\/montreal-city-guide-griffintown-st-henri-and-the-little-burgundy\/\"><img loading=\"lazy\" decoding=\"async\" class=\"nopin alignnone\" title=\"St-Henri &amp; Griffintown\" src=\"http:\/\/blog.damasketdentelle.com\/wp-content\/uploads\/ST_HENRY_thumb.jpg\" alt=\"\" width=\"175\" height=\"175\" \/><\/a><\/p>\n<h2 style=\"margin: 50px 0 25px 0;\">D&amp;D in Region<\/h2>\n<p><a href=\"http:\/\/blog.damasketdentelle.com\/index.php\/city-guides\/laval-laurentides\/\"><img loading=\"lazy\" decoding=\"async\" class=\"nopin alignnone\" title=\"Laval &amp; Laurentides\" src=\"http:\/\/blog.damasketdentelle.com\/wp-content\/uploads\/CityGuide-thumb-300x300.jpg\" alt=\"CityGuide-thumb\" width=\"239\" height=\"239\" \/><\/a><\/p>\n<h2 style=\"margin: 50px 0 25px 0;\">Tying the Knot<\/h2>\n<p style=\"margin-bottom: 25px; clear: both; text-align: left;\"><a href=\"http:\/\/blog.damasketdentelle.com\/index.php\/city-guides\/guide-mariage\/\"><img loading=\"lazy\" decoding=\"async\" class=\"nopin\" title=\"Guide Mariage\" src=\"http:\/\/blog.damasketdentelle.com\/wp-content\/uploads\/wedding_thumb.jpg\" alt=\"\" width=\"239\" height=\"172\" \/><\/a>\u00a0 \u00a0 \u00a0 \u00a0 \u00a0 \u00a0 \u00a0<a href=\"http:\/\/blog.damasketdentelle.com\/index.php\/city-guides\/mariage-en-hiver-2013\"><img loading=\"lazy\" decoding=\"async\" class=\"nopin alignnone\" title=\"Guide Mariage\" src=\"http:\/\/blog.damasketdentelle.com\/wp-content\/uploads\/icon_guide_hivers_2013.jpg\" alt=\"guide mariage hivers 2013\" width=\"227\" height=\"242\" \/><\/a><\/p>\n<h2 style=\"margin: 50px 0 25px 0;\">D&amp;D around the world<\/h2>\n<p style=\"margin-bottom: 25px; clear: both; text-align: left;\">\u00a0\u00a0<a href=\"http:\/\/blog.damasketdentelle.com\/index.php\/city-guides\/new-york-city-guide\/\"><img loading=\"lazy\" decoding=\"async\" class=\"nopin alignnone wp-image-8757\" title=\"NYC &amp; Brooklyn\" src=\"http:\/\/blog.damasketdentelle.com\/wp-content\/uploads\/NY-City_guide_thumb.jpg\" alt=\"NY-City_guide_thumb\" width=\"180\" height=\"239\" \/><\/a>\u00a0 \u00a0 \u00a0\u00a0\u00a0\u00a0<a href=\"http:\/\/blog.damasketdentelle.com\/index.php\/city-guides\/paris-city-guide\/\"><img loading=\"lazy\" decoding=\"async\" class=\"alignnone\" title=\"Paris City Guide\" src=\"http:\/\/blog.damasketdentelle.com\/wp-content\/uploads\/paris-city-guide-thumb.jpg\" alt=\"\" width=\"211\" height=\"211\" \/><\/a><a href=\"http:\/\/damasketdentelle.com\/index.php\/city-guides\/hamptons-city-guide\/\"><img loading=\"lazy\" decoding=\"async\" class=\"nopin alignnone\" style=\"float: left; margin-right: 35px;\" title=\"The Hamptons\" src=\"http:\/\/blog.damasketdentelle.com\/wp-content\/uploads\/hamptons_thum.jpg\" alt=\"hamptons_thum\" width=\"208\" height=\"208\" \/><\/a><\/p>\n","protected":false},"excerpt":{"rendered":"<p>&nbsp; Montr\u00e9al is the city I have called home all my life. Here are city guides, segmented in neighbourhoods, of my (and those of my collaborators) favorite spots. We&#8217;ve tried to be fair by writing some of them in Moli\u00e8re&#8217;s mother tongue and others in Shakespeare&#8217;s. Be sure to go ahead and print our takeaway&#8230;<\/p>\n<p><a class=\"more-link\" href=\"https:\/\/damasketdentelle.com\/index.php\/city-guides\/\">Read More<\/a><\/p>","protected":false},"author":3,"featured_media":0,"parent":0,"menu_order":0,"comment_status":"open","ping_status":"closed","template":"","meta":{"_genesis_hide_title":false,"_genesis_hide_breadcrumbs":false,"_genesis_hide_singular_image":false,"_genesis_hide_footer_widgets":false,"_genesis_custom_body_class":"","_genesis_custom_post_class":"","_genesis_layout":"","footnotes":""},"class_list":{"0":"post-3108","1":"page","2":"type-page","3":"status-publish","5":"entry","6":"has-post-thumbnail"},"yoast_head":"<!-- This site is optimized with the Yoast SEO plugin v26.1.1 - https:\/\/yoast.com\/wordpress\/plugins\/seo\/ -->\n<title>City Guides | Damask &amp; Dentelle Blog | Design Blog<\/title>\n<meta name=\"description\" content=\"Here are our city guides, of our Fair city, Montr\u00e9al, but also of our favourite destinations around the globe: New York, Paris and more.\" \/>\n<meta name=\"robots\" content=\"index, follow, max-snippet:-1, max-image-preview:large, max-video-preview:-1\" \/>\n<link rel=\"canonical\" href=\"https:\/\/damasketdentelle.com\/index.php\/city-guides\/\" \/>\n<meta property=\"og:locale\" content=\"en_US\" \/>\n<meta property=\"og:type\" content=\"article\" \/>\n<meta property=\"og:title\" content=\"City Guides | Damask &amp; Dentelle Blog | Design Blog\" \/>\n<meta property=\"og:description\" content=\"Here are our city guides, of our Fair city, Montr\u00e9al, but also of our favourite destinations around the globe: New York, Paris and more.\" \/>\n<meta property=\"og:url\" content=\"https:\/\/damasketdentelle.com\/index.php\/city-guides\/\" \/>\n<meta property=\"og:site_name\" content=\"Damask &amp; Dentelle\" \/>\n<meta property=\"article:publisher\" content=\"https:\/\/www.facebook.com\/damasketdentelle\" \/>\n<meta property=\"article:modified_time\" content=\"2018-12-21T17:40:19+00:00\" \/>\n<meta property=\"og:image\" content=\"http:\/\/blog.damasketdentelle.com\/wp-content\/uploads\/homa-rpp_THUMB.jpg\" \/>\n<meta name=\"twitter:label1\" content=\"Est. reading time\" \/>\n\t<meta name=\"twitter:data1\" content=\"2 minutes\" \/>\n<script type=\"application\/ld+json\" class=\"yoast-schema-graph\">{\"@context\":\"https:\/\/schema.org\",\"@graph\":[{\"@type\":\"WebPage\",\"@id\":\"https:\/\/damasketdentelle.com\/index.php\/city-guides\/\",\"url\":\"https:\/\/damasketdentelle.com\/index.php\/city-guides\/\",\"name\":\"City Guides | Damask & Dentelle Blog | Design Blog\",\"isPartOf\":{\"@id\":\"https:\/\/damasketdentelle.com\/#website\"},\"primaryImageOfPage\":{\"@id\":\"https:\/\/damasketdentelle.com\/index.php\/city-guides\/#primaryimage\"},\"image\":{\"@id\":\"https:\/\/damasketdentelle.com\/index.php\/city-guides\/#primaryimage\"},\"thumbnailUrl\":\"http:\/\/blog.damasketdentelle.com\/wp-content\/uploads\/homa-rpp_THUMB.jpg\",\"datePublished\":\"2012-03-20T19:33:17+00:00\",\"dateModified\":\"2018-12-21T17:40:19+00:00\",\"description\":\"Here are our city guides, of our Fair city, Montr\u00e9al, but also of our favourite destinations around the globe: New York, Paris and more.\",\"breadcrumb\":{\"@id\":\"https:\/\/damasketdentelle.com\/index.php\/city-guides\/#breadcrumb\"},\"inLanguage\":\"en-US\",\"potentialAction\":[{\"@type\":\"ReadAction\",\"target\":[\"https:\/\/damasketdentelle.com\/index.php\/city-guides\/\"]}]},{\"@type\":\"ImageObject\",\"inLanguage\":\"en-US\",\"@id\":\"https:\/\/damasketdentelle.com\/index.php\/city-guides\/#primaryimage\",\"url\":\"http:\/\/blog.damasketdentelle.com\/wp-content\/uploads\/homa-rpp_THUMB.jpg\",\"contentUrl\":\"http:\/\/blog.damasketdentelle.com\/wp-content\/uploads\/homa-rpp_THUMB.jpg\"},{\"@type\":\"BreadcrumbList\",\"@id\":\"https:\/\/damasketdentelle.com\/index.php\/city-guides\/#breadcrumb\",\"itemListElement\":[{\"@type\":\"ListItem\",\"position\":1,\"name\":\"Home\",\"item\":\"https:\/\/damasketdentelle.com\/\"},{\"@type\":\"ListItem\",\"position\":2,\"name\":\"City Guides\"}]},{\"@type\":\"WebSite\",\"@id\":\"https:\/\/damasketdentelle.com\/#website\",\"url\":\"https:\/\/damasketdentelle.com\/\",\"name\":\"Damask &amp; Dentelle\",\"description\":\"Storytelling, Design and urban manifestos\",\"potentialAction\":[{\"@type\":\"SearchAction\",\"target\":{\"@type\":\"EntryPoint\",\"urlTemplate\":\"https:\/\/damasketdentelle.com\/?s={search_term_string}\"},\"query-input\":{\"@type\":\"PropertyValueSpecification\",\"valueRequired\":true,\"valueName\":\"search_term_string\"}}],\"inLanguage\":\"en-US\"}]}<\/script>\n<!-- \/ Yoast SEO plugin. -->","yoast_head_json":{"title":"City Guides | Damask & Dentelle Blog | Design Blog","description":"Here are our city guides, of our Fair city, Montr\u00e9al, but also of our favourite destinations around the globe: New York, Paris and more.","robots":{"index":"index","follow":"follow","max-snippet":"max-snippet:-1","max-image-preview":"max-image-preview:large","max-video-preview":"max-video-preview:-1"},"canonical":"https:\/\/damasketdentelle.com\/index.php\/city-guides\/","og_locale":"en_US","og_type":"article","og_title":"City Guides | Damask & Dentelle Blog | Design Blog","og_description":"Here are our city guides, of our Fair city, Montr\u00e9al, but also of our favourite destinations around the globe: New York, Paris and more.","og_url":"https:\/\/damasketdentelle.com\/index.php\/city-guides\/","og_site_name":"Damask &amp; Dentelle","article_publisher":"https:\/\/www.facebook.com\/damasketdentelle","article_modified_time":"2018-12-21T17:40:19+00:00","og_image":[{"url":"http:\/\/blog.damasketdentelle.com\/wp-content\/uploads\/homa-rpp_THUMB.jpg","type":"","width":"","height":""}],"twitter_misc":{"Est. reading time":"2 minutes"},"schema":{"@context":"https:\/\/schema.org","@graph":[{"@type":"WebPage","@id":"https:\/\/damasketdentelle.com\/index.php\/city-guides\/","url":"https:\/\/damasketdentelle.com\/index.php\/city-guides\/","name":"City Guides | Damask & Dentelle Blog | Design Blog","isPartOf":{"@id":"https:\/\/damasketdentelle.com\/#website"},"primaryImageOfPage":{"@id":"https:\/\/damasketdentelle.com\/index.php\/city-guides\/#primaryimage"},"image":{"@id":"https:\/\/damasketdentelle.com\/index.php\/city-guides\/#primaryimage"},"thumbnailUrl":"http:\/\/blog.damasketdentelle.com\/wp-content\/uploads\/homa-rpp_THUMB.jpg","datePublished":"2012-03-20T19:33:17+00:00","dateModified":"2018-12-21T17:40:19+00:00","description":"Here are our city guides, of our Fair city, Montr\u00e9al, but also of our favourite destinations around the globe: New York, Paris and more.","breadcrumb":{"@id":"https:\/\/damasketdentelle.com\/index.php\/city-guides\/#breadcrumb"},"inLanguage":"en-US","potentialAction":[{"@type":"ReadAction","target":["https:\/\/damasketdentelle.com\/index.php\/city-guides\/"]}]},{"@type":"ImageObject","inLanguage":"en-US","@id":"https:\/\/damasketdentelle.com\/index.php\/city-guides\/#primaryimage","url":"http:\/\/blog.damasketdentelle.com\/wp-content\/uploads\/homa-rpp_THUMB.jpg","contentUrl":"http:\/\/blog.damasketdentelle.com\/wp-content\/uploads\/homa-rpp_THUMB.jpg"},{"@type":"BreadcrumbList","@id":"https:\/\/damasketdentelle.com\/index.php\/city-guides\/#breadcrumb","itemListElement":[{"@type":"ListItem","position":1,"name":"Home","item":"https:\/\/damasketdentelle.com\/"},{"@type":"ListItem","position":2,"name":"City Guides"}]},{"@type":"WebSite","@id":"https:\/\/damasketdentelle.com\/#website","url":"https:\/\/damasketdentelle.com\/","name":"Damask &amp; Dentelle","description":"Storytelling, Design and urban manifestos","potentialAction":[{"@type":"SearchAction","target":{"@type":"EntryPoint","urlTemplate":"https:\/\/damasketdentelle.com\/?s={search_term_string}"},"query-input":{"@type":"PropertyValueSpecification","valueRequired":true,"valueName":"search_term_string"}}],"inLanguage":"en-US"}]}},"_links":{"self":[{"href":"https:\/\/damasketdentelle.com\/index.php\/wp-json\/wp\/v2\/pages\/3108","targetHints":{"allow":["GET"]}}],"collection":[{"href":"https:\/\/damasketdentelle.com\/index.php\/wp-json\/wp\/v2\/pages"}],"about":[{"href":"https:\/\/damasketdentelle.com\/index.php\/wp-json\/wp\/v2\/types\/page"}],"author":[{"embeddable":true,"href":"https:\/\/damasketdentelle.com\/index.php\/wp-json\/wp\/v2\/users\/3"}],"replies":[{"embeddable":true,"href":"https:\/\/damasketdentelle.com\/index.php\/wp-json\/wp\/v2\/comments?post=3108"}],"version-history":[{"count":96,"href":"https:\/\/damasketdentelle.com\/index.php\/wp-json\/wp\/v2\/pages\/3108\/revisions"}],"predecessor-version":[{"id":22179,"href":"https:\/\/damasketdentelle.com\/index.php\/wp-json\/wp\/v2\/pages\/3108\/revisions\/22179"}],"wp:attachment":[{"href":"https:\/\/damasketdentelle.com\/index.php\/wp-json\/wp\/v2\/media?parent=3108"}],"curies":[{"name":"wp","href":"https:\/\/api.w.org\/{rel}","templated":true}]}}