{"id":4474,"date":"2012-05-21T12:02:18","date_gmt":"2012-05-21T16:02:18","guid":{"rendered":"http:\/\/blog.damasketdentelle.com\/?page_id=4474"},"modified":"2018-01-25T14:32:54","modified_gmt":"2018-01-25T19:32:54","slug":"montreal-city-guide-westmount-ndg","status":"publish","type":"page","link":"https:\/\/damasketdentelle.com\/index.php\/city-guides\/montreal-city-guide-westmount-ndg\/","title":{"rendered":"Montreal City Guide: Westmount &#038; NDG"},"content":{"rendered":"<p><img loading=\"lazy\" decoding=\"async\" class=\"alignnone size-full wp-image-4519\" title=\"Westmount-NDG\" src=\"http:\/\/blog.damasketdentelle.com\/wp-content\/uploads\/Westmount-NDG_finalweb.jpg\" alt=\"\" width=\"739\" height=\"574\" \/><\/p>\n<p>I love this neighbourhood! Whenever I set foot in this area of the city I am awestruck by the gorgeous British style architecture, the brownstones and the presence of magnolias everywhere. It had always been a dream of mine to one day live in Westmount, five years ago I lived the dream\u2026 it lasted four years. I loved every minute of it and I got a sturdy pair of runner\u2019s legs running up and down the hills.<\/p>\n<p>&nbsp;<\/p>\n<p style=\"text-align: center;\"><img loading=\"lazy\" decoding=\"async\" class=\"size-full wp-image-4478 aligncenter\" title=\"westmount\" src=\"http:\/\/blog.damasketdentelle.com\/wp-content\/uploads\/westmount.jpg\" alt=\"\" width=\"600\" height=\"580\" \/><\/p>\n<p>&nbsp;<\/p>\n<p>We sold our home in 2010 and moved next door to Notre-Dame-de-Gr\u00e2ce (NDG to the locals). At the heart of NDG is what is affectionately called the Monkland Village (between Grand boulevard and the D\u00e9carie Expressway), a lively street full of local shops and good restaurants. Having left behind my dream home for hopefully greener pastures, I was skeptical of how I would get acquainted with the neighborhood and my really not so green lawn.<\/p>\n<p>Well it did not take more than a minute before I fell head over heel for NDG. Everyone is so nice, the community life is priceless, there are great restaurants and we even got flash mobs on Halloween by the borough\u2019s community council or something (Michael Jackson\u2019s Thriller: a classic).<\/p>\n<p><img decoding=\"async\" style=\"margin: 30px 0 0;\" title=\"Grubs\" src=\"http:\/\/blog.damasketdentelle.com\/wp-content\/uploads\/grubs1.jpg\" alt=\"\" \/><a href=\"http:\/\/blog.damasketdentelle.com\/wp-content\/uploads\/take-away_WESTNDG_2014.pdf\"><img decoding=\"async\" class=\"alignright size-full wp-image-3352\" title=\"Download the free take away (pdf)\" src=\"http:\/\/blog.damasketdentelle.com\/wp-content\/uploads\/dwl-takeaway.jpg\" alt=\"Download the free take away (pdf)\" width=\"150\" \/><\/a><\/p>\n<h3 class=\"title-venue\"><a href=\"www.kashima.ca\" target=\"_blank\" rel=\"noopener\">1- Kashima Restaurant<\/a><\/h3>\n<p style=\"text-align: left;\" align=\"center\">Ce restaurant traditionnel japonais offre \u00e9galement un bar \u00e0 sushis, dans un d\u00e9cor contemporain.<\/p>\n<p style=\"text-align: left;\" align=\"center\">\u00a01232, avenue Greene \u2028| (514) 934-0962 | <a href=\"www.kashima.ca\" target=\"_blank\" rel=\"noopener\">www.kashima.ca<\/a><\/p>\n<h3 class=\"title-venue\"><a href=\"http:\/\/www.cheznick.ca\/\">2- Chez Nick\u2019s<\/a><\/h3>\n<p>An institution in Westmount, Chez Nick\u2019s is THE place for Sunday Brunch and lunch. With over, oh I don\u2019t know, at least 20 different kind of tasty salads, it has long ago become my \u201crabbit lunch\u201d place. Always packed, you better arrive 15 minutes early.<\/p>\n<p class=\"postmetadata\">1377 Greene Avenue\u2028| (514) 935-0946 | <a href=\"http:\/\/www.cheznick.ca\/\">www.cheznick.ca<\/a><\/p>\n<p><a href=\"http:\/\/blog.damasketdentelle.com\/wp-content\/uploads\/cheznicks.png\"><img loading=\"lazy\" decoding=\"async\" class=\"size-full wp-image-4499 alignnone\" title=\"chez nicks\" src=\"http:\/\/blog.damasketdentelle.com\/wp-content\/uploads\/cheznicks.png\" alt=\"\" width=\"433\" height=\"246\" \/><\/a><br \/>\nPhoto Credit: Chez Nick\u2019s<\/p>\n<h3 class=\"title-venue\"><a href=\"http:\/\/claremontcafe.ca\/home.php?lang=eng\">3- Claremont<\/a><\/h3>\n<p>Great fries and great cocktails\u2026 what more can you ask for?<\/p>\n<p class=\"postmetadata\">5032 Sherbrooke West\u2028| (514) 483-1557 | <a href=\"http:\/\/claremontcafe.ca\/home.php?lang=eng\">www.claremontcafe.ca<\/a><\/p>\n<h3 class=\"title-venue\"><a href=\"http:\/\/www.monklandtavern.com\/\">4- Monkland Tavern<\/a><\/h3>\n<p>I feel obligated to talk about the great ambiance and food, because it is true, but really all I can think about right now is their Baked Chocolate Chip Cookie \u00e0 la mode. A huge cookie served in the cast iron skillet, gooey and warm, with a scoop of vanilla bean ice cream on top. I rest my case\u2026<\/p>\n<p class=\"postmetadata\">5555 Monkland Avenue | (514) 486-5768 | <a href=\"http:\/\/www.monklandtavern.com\/\">www.monklandtavern.com<\/a><\/p>\n<p><img loading=\"lazy\" decoding=\"async\" class=\"size-full wp-image-4585 aligncenter\" title=\"Monkland tavern\" src=\"http:\/\/blog.damasketdentelle.com\/wp-content\/uploads\/IMG_3974.jpeg\" alt=\"\" width=\"480\" height=\"480\" \/><\/p>\n<p>Photo Credit: Vanessa Sicotte<\/p>\n<p>&nbsp;<\/p>\n<h3 class=\"title-venue\">5- Cosmo<\/h3>\n<p>Hang over breakfast galore. Cosmo is tiny dinner with colorful owners and amazing breakfast sandwiches.<\/p>\n<p class=\"postmetadata\">5843 Sherbrooke st. W | (514) 486-3814<\/p>\n<h3 class=\"title-venue\"><a href=\"www.gardemangeritalien.ca\" target=\"_blank\" rel=\"noopener\">6- The Italian Pantry<\/a><\/h3>\n<p>Wanna channel the \u201cEat Pray Love\u201d Experience without leaving the city? Well The Italian Pantry is the first stop on your list! Find here ready-to-go meals and culinary delights imported directly from Italy including various Olive oils, Butter of Parma and Barath &amp; Milano 45 per cent hazelnut crema (that\u2019s their very own \u201cBEST IN THE WORLD\u201d kind of Nutella spread).<\/p>\n<p class=\"postmetadata\">6132, Monkland Avenue\u00a0| (514) 802-6601 | <a href=\"www.gardemangeritalien.ca\" target=\"_blank\" rel=\"noopener\">website<\/a><\/p>\n<p><img loading=\"lazy\" decoding=\"async\" class=\"size-full wp-image-4590 aligncenter\" title=\"The Italian Pantry\" src=\"http:\/\/blog.damasketdentelle.com\/wp-content\/uploads\/italian-pantry.jpg\" alt=\"\" width=\"621\" height=\"414\" \/><\/p>\n<div><img decoding=\"async\" id=\":3r3\" src=\"https:\/\/mail.google.com\/mail\/u\/0\/images\/cleardot.gif\" alt=\"\" data-tooltip=\"Show details\" \/><\/div>\n<p>source:\u00a0<a href=\"http:\/\/hour.ca\/2011\/09\/29\/the-italian-pantry-italian-fix\/\" target=\"_blank\" rel=\"noopener\">http:\/\/hour.ca\/2011\/<wbr \/>09\/29\/the-italian-pantry-<wbr \/>italian-fix\/<\/a><\/p>\n<p><img decoding=\"async\" style=\"margin: 30px 0 0;\" title=\"Home\" src=\"http:\/\/blog.damasketdentelle.com\/wp-content\/uploads\/home1.jpg\" alt=\"\" \/><\/p>\n<h3 class=\"title-venue\"><a href=\"http:\/\/www.benandtournesol.com\/\">7- Ben &amp; Tournesol<\/a><\/h3>\n<p>This boutique is like a candy store to me. From bed linens to frames, scented candles and cool dog gear, Ben &amp; Tournesol offers a collection of delightfully curated objects for the home.<\/p>\n<p class=\"postmetadata\">4915 Sherbrooke st. West | (514) 481-5050 | <a href=\"http:\/\/www.benandtournesol.com\/\">www.benandtournesol.com<\/a><\/p>\n<p><a href=\"http:\/\/blog.damasketdentelle.com\/wp-content\/uploads\/Ben-et-tournesol.jpg\"><img loading=\"lazy\" decoding=\"async\" class=\"size-full wp-image-4500 aligncenter\" title=\"Ben-et-tournesol\" src=\"http:\/\/blog.damasketdentelle.com\/wp-content\/uploads\/Ben-et-tournesol.jpg\" alt=\"\" width=\"600\" height=\"600\" \/><\/a><br \/>\nPhoto Credit: Vanessa Sicotte<\/p>\n<p>&nbsp;<\/p>\n<h3 class=\"title-venue\">8- Wilfrid &amp; Adrienne<\/h3>\n<p>Little sister of Ben &amp; Tournesol, located next door, Wilfris &amp; Adrienne specializes in the \u201cart de la table\u201d (art of the table). Brands such as Arte Italica, Le Creuset, Laguiole, Dean &amp; Deluca, &amp; Sophie Conran\u2019s collaboration for Portmeirion are found here in delicious sorbet colors.<\/p>\n<p class=\"postmetadata\">4919 B Sherbrooke st. West | (514) 481-5850 |\u00a0<a href=\"https:\/\/www.facebook.com\/wilfridandadrienne\" target=\"_blank\" rel=\"noopener\">Facebook Page<\/a><\/p>\n<p><a href=\"http:\/\/blog.damasketdentelle.com\/wp-content\/uploads\/Wilfrid-Adrienne.jpg\"><img loading=\"lazy\" decoding=\"async\" class=\"size-full wp-image-4501 aligncenter\" title=\"Wilfrid-&amp;-Adrienne\" src=\"http:\/\/blog.damasketdentelle.com\/wp-content\/uploads\/Wilfrid-Adrienne.jpg\" alt=\"\" width=\"456\" height=\"233\" \/><\/a><br \/>\nPhoto Credit: Vanessa Sicotte<\/p>\n<p>&nbsp;<\/p>\n<h3 class=\"title-venue\"><a href=\"https:\/\/www.facebook.com\/lelivingdecor\">9- Le Living<\/a><\/h3>\n<p>Their Carrefour Laval location has long been a hit and now their Westmount venue is following in its steps. Find affordable accessories, rugs, silk flowers and furniture with a contemporary flair.<\/p>\n<p class=\"postmetadata\">1234 Greene Avenue | (514) 932-9992\u00a0| <a href=\"https:\/\/www.facebook.com\/lelivingdecor\">Facebook Page<\/a><\/p>\n<h3 class=\"title-venue\"><a href=\"http:\/\/www.viedecampagne.com\/\">10- Vie de Campagne <\/a><\/h3>\n<p>Chantal Boul\u00e9, the colorful designer behind the brand, has been offering a country living approach to her numerous customers for many years (a lady never says how many years\u2026). Visit the Ayer\u2019s Cliff (Eastern Touwnships) boutique or, if you are a city dweller, visit their design studio within Tapis Soumack on Sherbroke st.<\/p>\n<p class=\"postmetadata\">4883 Sherbrooke st West | (514) 484-2199 | <a href=\"http:\/\/www.viedecampagne.com\/\">www.viedecampagne.com<\/a><\/p>\n<h3 class=\"title-venue\"><a href=\"http:\/\/www.carrierco.com\/\">11- Carrier &amp; Co<\/a><\/h3>\n<p>A showroom for designers, Carrier &amp; Co is en entity in Montr\u00e9al when it comes to fabrics and wallpapers.<\/p>\n<p class=\"postmetadata\">4267 Ste-Catherine St. West | (514) 933-3233 | <a href=\"http:\/\/www.carrierco.com\/\">www.carrierco.com<\/a><\/p>\n<h3 class=\"title-venue\"><a href=\"http:\/\/www.toilesurrendezvous.com\/\">12- Linens by Appointment<\/a><\/h3>\n<p>Custom made linens and drapes with a very personalized service and a large variety of fabrics to choose from Find here the collection from Toronto\u2019s <a href=\"http:\/\/threadcountinc.com\/\">Threadcount<\/a>.<\/p>\n<p class=\"postmetadata\">326 Victoria Avenue# 212 | (514) 486-2424 |<a href=\"http:\/\/www.toilesurrendezvous.com\/\">www.toilesurrendezvous.com<\/a><\/p>\n<p><a href=\"http:\/\/blog.damasketdentelle.com\/wp-content\/uploads\/Linens-by-Appointment.jpg\"><img loading=\"lazy\" decoding=\"async\" class=\"size-full wp-image-4502 aligncenter\" title=\"Linens-by-Appointment\" src=\"http:\/\/blog.damasketdentelle.com\/wp-content\/uploads\/Linens-by-Appointment.jpg\" alt=\"\" width=\"600\" height=\"418\" \/><\/a><br \/>\nPhoto: Credit: Linens by Appointment<\/p>\n<p>&nbsp;<\/p>\n<h3 class=\"title-venue\"><a href=\"www.souvenirs-de-voyages.com\/en\/\u200e\" target=\"_blank\" rel=\"noopener\">13- Souvenirs de Voyage<\/a><\/h3>\n<p>Souvenirs de Voyages is a lovely boutique that carries fashionable decorations and accessories.\u00a0If you enjoy original furniture, objects, and accessories, as well as authentic and contemporary styles, for which you can always find a deeper history, this is the place for you.<\/p>\n<p class=\"postmetadata\">5035 Sherbrooke St. West | (438) 382-1635\u00a0| <a href=\"http:\/\/www.souvenirs-de-voyages.com\/en\/\" target=\"_blank\" rel=\"noopener\">website<\/a><\/p>\n<p><img loading=\"lazy\" decoding=\"async\" class=\"size-large wp-image-11114 aligncenter\" src=\"http:\/\/blog.damasketdentelle.com\/wp-content\/uploads\/souvenirs-de-voyages-maison-695x462.jpg\" alt=\"souvenirs-de-voyages-maison\" width=\"695\" height=\"462\" \/><br \/>\n<img loading=\"lazy\" decoding=\"async\" class=\"clear alignnone\" style=\"margin-top: 30px; margin-bottom: 0pt;\" title=\"lifestyle\" src=\"http:\/\/blog.damasketdentelle.com\/wp-content\/uploads\/lifestyle.jpg\" alt=\"Lifestyle\" width=\"180\" height=\"46\" \/><\/p>\n<h3 class=\"title-venue\"><a href=\"http:\/\/www.austrianskishop.com\/\">14- Austrian Ski Shop<\/a><\/h3>\n<p>Avid skiers flock to this store from far and wide. Great gear and just a cool cast of characters working there.<\/p>\n<p class=\"postmetadata\">5706 Monkland\u00a0Avenue | (514) 483-3666 | <a href=\"http:\/\/www.austrianskishop.com\/\">www.austrianskishop.com<\/a><\/p>\n<h3 class=\"title-venue\"><a href=\"http:\/\/ndg.mokshayoga.ca\/\">15- Moksha Yoga<\/a><\/h3>\n<p>My body\u2019s temple. Essential to my sanity.<\/p>\n<p class=\"postmetadata\">4260 Girouard Avenue, 3rd Floor | (514) 544-9642 | <a href=\"http:\/\/ndg.mokshayoga.ca\/\">ndg.mokshayoga.ca<\/a><\/p>\n<p><img loading=\"lazy\" decoding=\"async\" class=\"size-full wp-image-11115 aligncenter\" src=\"http:\/\/blog.damasketdentelle.com\/wp-content\/uploads\/namaste.jpg\" alt=\"namaste\" width=\"500\" height=\"742\" \/><br \/>\nsource: <a href=\"http:\/\/elsa-may.tumblr.com\/post\/45969160266\" target=\"_blank\" rel=\"noopener\">Elsa May<\/a><\/p>\n<h3 class=\"title-venue\"><a href=\"http:\/\/www.oinkoink.com\/\">16- Oink Oink<\/a><\/h3>\n<p>I don\u2019t know if I go here for my kids or for my own enjoyment. Really you HAVE to see this place. Original &amp; cool toys, clothes, books, and baby gifts are found here.<\/p>\n<p class=\"postmetadata\">1343 Greene\u00a0Avenue | (514) 939-2634 | <a href=\"http:\/\/www.oinkoink.com\/\">www.oinkoink.com<\/a><\/p>\n<p><a href=\"http:\/\/blog.damasketdentelle.com\/wp-content\/uploads\/Oink-oink.jpg\"><img loading=\"lazy\" decoding=\"async\" class=\"size-full wp-image-4504 aligncenter\" title=\"Oink-oink\" src=\"http:\/\/blog.damasketdentelle.com\/wp-content\/uploads\/Oink-oink.jpg\" alt=\"\" width=\"460\" height=\"306\" \/><\/a><br \/>\nPhoto Credit: Patricia Gajo for Tourisme Montr\u00e9al<\/p>\n<p>&nbsp;<\/p>\n<h3 class=\"title-venue\"><a href=\"http:\/\/jamesboutique.com\/\">17- James Boutique<\/a><\/h3>\n<p>Trendy and hip, the owners of the boutique really have an eye for upcoming trends. I got a cool pair of floral jeans this season that make me giddy I love them so much.<\/p>\n<p class=\"postmetadata\">4910 Sherbrooke st. West | (514) 369-0700 | <a href=\"http:\/\/jamesboutique.com\/\">jamesboutique.com<\/a><\/p>\n<h3 class=\"title-venue\"><a href=\"http:\/\/www.prettyballerinas.ca\/\">18- Pretty Ballerina<\/a><\/h3>\n<p>The name says it all\u2026 pretty, very pretty ballerinas.<\/p>\n<p class=\"postmetadata\">392 Victoria Avenue | (514) 489-3030 | <a href=\"http:\/\/www.prettyballerinas.ca\/\">www.prettyballerinas.ca<\/a><\/p>\n<p><img loading=\"lazy\" decoding=\"async\" class=\"size-full wp-image-4506 aligncenter\" title=\"pretty-ballerina\" src=\"http:\/\/blog.damasketdentelle.com\/wp-content\/uploads\/pretty-ballerina.jpg\" alt=\"\" width=\"600\" height=\"663\" \/><br \/>\nPhoto credit: Pretty Ballerina<\/p>\n<p>&nbsp;<\/p>\n<h3 class=\"title-venue\"><a href=\"http:\/\/www.lululemon.com\/montreal\/greene\">19- Lululemon<\/a><\/h3>\n<p>If I am not working, I am in my Lululemon uniform. Oprah said it\u2026 their pants make the best tushies in the world, plus their sports tops are the most comfortable ever.<\/p>\n<p class=\"postmetadata\">1394 Greene Avenue | (514) 937-5151 | <a href=\"www.lululemon.com\/montreal\/greene\" target=\"_blank\" rel=\"noopener\">website<\/a><\/p>\n<h3 class=\"title-venue\"><a href=\"http:\/\/www.jamesperse.ca\/index.php\">20- James Perse<\/a><\/h3>\n<p>If you like good quality, tailored cuts and minimal anything, James Perse is your place. Great basics in neutral colors = wardrobe staples.<\/p>\n<p class=\"postmetadata\">4869 Rue Sherbrooke st. West | (514) 484-6163 | <a href=\"http:\/\/www.jamesperse.ca\/index.php\">www.jamesperse.ca<\/a><\/p>\n<p><a href=\"http:\/\/blog.damasketdentelle.com\/wp-content\/uploads\/take-away_WESTNDG_2014.pdf\"><img decoding=\"async\" class=\"alignright size-full wp-image-3352\" title=\"Download the free take away (pdf)\" src=\"http:\/\/blog.damasketdentelle.com\/wp-content\/uploads\/dwl-takeaway.jpg\" alt=\"Download the free take away (pdf)\" width=\"150\" \/><\/a><\/p>\n","protected":false},"excerpt":{"rendered":"<p>I love this neighbourhood! Whenever I set foot in this area of the city I am awestruck by the gorgeous British style architecture, the brownstones and the presence of magnolias everywhere. It had always been a dream of mine to one day live in Westmount, five years ago I lived the dream\u2026 it lasted four&#8230;<\/p>\n<p><a class=\"more-link\" href=\"https:\/\/damasketdentelle.com\/index.php\/city-guides\/montreal-city-guide-westmount-ndg\/\">Read More<\/a><\/p>","protected":false},"author":3,"featured_media":0,"parent":3108,"menu_order":0,"comment_status":"open","ping_status":"open","template":"","meta":{"_genesis_hide_title":false,"_genesis_hide_breadcrumbs":false,"_genesis_hide_singular_image":false,"_genesis_hide_footer_widgets":false,"_genesis_custom_body_class":"","_genesis_custom_post_class":"","_genesis_layout":"","footnotes":""},"class_list":{"0":"post-4474","1":"page","2":"type-page","3":"status-publish","5":"entry","6":"has-post-thumbnail"},"yoast_head":"<!-- This site is optimized with the Yoast SEO plugin v26.1.1 - https:\/\/yoast.com\/wordpress\/plugins\/seo\/ -->\n<title>Montreal City Guide | Damask &amp; Dentelle Blog | Westmount &amp; NDG<\/title>\n<meta name=\"description\" content=\"Welcome to my home! I grew up with the dream of one day living in Westmount. I loved the British style architecture, the brownstones &amp; magnolias everywhere.\" \/>\n<meta name=\"robots\" content=\"index, follow, max-snippet:-1, max-image-preview:large, max-video-preview:-1\" \/>\n<link rel=\"canonical\" href=\"https:\/\/damasketdentelle.com\/index.php\/city-guides\/montreal-city-guide-westmount-ndg\/\" \/>\n<meta property=\"og:locale\" content=\"en_US\" \/>\n<meta property=\"og:type\" content=\"article\" \/>\n<meta property=\"og:title\" content=\"Montreal City Guide | Damask &amp; Dentelle Blog | Westmount &amp; NDG\" \/>\n<meta property=\"og:description\" content=\"Welcome to my home! I grew up with the dream of one day living in Westmount. I loved the British style architecture, the brownstones &amp; magnolias everywhere.\" \/>\n<meta property=\"og:url\" content=\"https:\/\/damasketdentelle.com\/index.php\/city-guides\/montreal-city-guide-westmount-ndg\/\" \/>\n<meta property=\"og:site_name\" content=\"Damask &amp; Dentelle\" \/>\n<meta property=\"article:publisher\" content=\"https:\/\/www.facebook.com\/damasketdentelle\" \/>\n<meta property=\"article:modified_time\" content=\"2018-01-25T19:32:54+00:00\" \/>\n<meta property=\"og:image\" content=\"http:\/\/blog.damasketdentelle.com\/wp-content\/uploads\/Westmount-NDG_finalweb.jpg\" \/>\n<meta name=\"twitter:label1\" content=\"Est. reading time\" \/>\n\t<meta name=\"twitter:data1\" content=\"5 minutes\" \/>\n<script type=\"application\/ld+json\" class=\"yoast-schema-graph\">{\"@context\":\"https:\/\/schema.org\",\"@graph\":[{\"@type\":\"WebPage\",\"@id\":\"https:\/\/damasketdentelle.com\/index.php\/city-guides\/montreal-city-guide-westmount-ndg\/\",\"url\":\"https:\/\/damasketdentelle.com\/index.php\/city-guides\/montreal-city-guide-westmount-ndg\/\",\"name\":\"Montreal City Guide | Damask & Dentelle Blog | Westmount & NDG\",\"isPartOf\":{\"@id\":\"https:\/\/damasketdentelle.com\/#website\"},\"primaryImageOfPage\":{\"@id\":\"https:\/\/damasketdentelle.com\/index.php\/city-guides\/montreal-city-guide-westmount-ndg\/#primaryimage\"},\"image\":{\"@id\":\"https:\/\/damasketdentelle.com\/index.php\/city-guides\/montreal-city-guide-westmount-ndg\/#primaryimage\"},\"thumbnailUrl\":\"http:\/\/blog.damasketdentelle.com\/wp-content\/uploads\/Westmount-NDG_finalweb.jpg\",\"datePublished\":\"2012-05-21T16:02:18+00:00\",\"dateModified\":\"2018-01-25T19:32:54+00:00\",\"description\":\"Welcome to my home! I grew up with the dream of one day living in Westmount. I loved the British style architecture, the brownstones & magnolias everywhere.\",\"breadcrumb\":{\"@id\":\"https:\/\/damasketdentelle.com\/index.php\/city-guides\/montreal-city-guide-westmount-ndg\/#breadcrumb\"},\"inLanguage\":\"en-US\",\"potentialAction\":[{\"@type\":\"ReadAction\",\"target\":[\"https:\/\/damasketdentelle.com\/index.php\/city-guides\/montreal-city-guide-westmount-ndg\/\"]}]},{\"@type\":\"ImageObject\",\"inLanguage\":\"en-US\",\"@id\":\"https:\/\/damasketdentelle.com\/index.php\/city-guides\/montreal-city-guide-westmount-ndg\/#primaryimage\",\"url\":\"http:\/\/blog.damasketdentelle.com\/wp-content\/uploads\/Westmount-NDG_finalweb.jpg\",\"contentUrl\":\"http:\/\/blog.damasketdentelle.com\/wp-content\/uploads\/Westmount-NDG_finalweb.jpg\"},{\"@type\":\"BreadcrumbList\",\"@id\":\"https:\/\/damasketdentelle.com\/index.php\/city-guides\/montreal-city-guide-westmount-ndg\/#breadcrumb\",\"itemListElement\":[{\"@type\":\"ListItem\",\"position\":1,\"name\":\"Home\",\"item\":\"https:\/\/damasketdentelle.com\/\"},{\"@type\":\"ListItem\",\"position\":2,\"name\":\"City Guides\",\"item\":\"https:\/\/damasketdentelle.com\/index.php\/city-guides\/\"},{\"@type\":\"ListItem\",\"position\":3,\"name\":\"Montreal City Guide: Westmount &#038; NDG\"}]},{\"@type\":\"WebSite\",\"@id\":\"https:\/\/damasketdentelle.com\/#website\",\"url\":\"https:\/\/damasketdentelle.com\/\",\"name\":\"Damask &amp; Dentelle\",\"description\":\"Storytelling, Design and urban manifestos\",\"potentialAction\":[{\"@type\":\"SearchAction\",\"target\":{\"@type\":\"EntryPoint\",\"urlTemplate\":\"https:\/\/damasketdentelle.com\/?s={search_term_string}\"},\"query-input\":{\"@type\":\"PropertyValueSpecification\",\"valueRequired\":true,\"valueName\":\"search_term_string\"}}],\"inLanguage\":\"en-US\"}]}<\/script>\n<!-- \/ Yoast SEO plugin. -->","yoast_head_json":{"title":"Montreal City Guide | Damask & Dentelle Blog | Westmount & NDG","description":"Welcome to my home! I grew up with the dream of one day living in Westmount. I loved the British style architecture, the brownstones & magnolias everywhere.","robots":{"index":"index","follow":"follow","max-snippet":"max-snippet:-1","max-image-preview":"max-image-preview:large","max-video-preview":"max-video-preview:-1"},"canonical":"https:\/\/damasketdentelle.com\/index.php\/city-guides\/montreal-city-guide-westmount-ndg\/","og_locale":"en_US","og_type":"article","og_title":"Montreal City Guide | Damask & Dentelle Blog | Westmount & NDG","og_description":"Welcome to my home! I grew up with the dream of one day living in Westmount. I loved the British style architecture, the brownstones & magnolias everywhere.","og_url":"https:\/\/damasketdentelle.com\/index.php\/city-guides\/montreal-city-guide-westmount-ndg\/","og_site_name":"Damask &amp; Dentelle","article_publisher":"https:\/\/www.facebook.com\/damasketdentelle","article_modified_time":"2018-01-25T19:32:54+00:00","og_image":[{"url":"http:\/\/blog.damasketdentelle.com\/wp-content\/uploads\/Westmount-NDG_finalweb.jpg","type":"","width":"","height":""}],"twitter_misc":{"Est. reading time":"5 minutes"},"schema":{"@context":"https:\/\/schema.org","@graph":[{"@type":"WebPage","@id":"https:\/\/damasketdentelle.com\/index.php\/city-guides\/montreal-city-guide-westmount-ndg\/","url":"https:\/\/damasketdentelle.com\/index.php\/city-guides\/montreal-city-guide-westmount-ndg\/","name":"Montreal City Guide | Damask & Dentelle Blog | Westmount & NDG","isPartOf":{"@id":"https:\/\/damasketdentelle.com\/#website"},"primaryImageOfPage":{"@id":"https:\/\/damasketdentelle.com\/index.php\/city-guides\/montreal-city-guide-westmount-ndg\/#primaryimage"},"image":{"@id":"https:\/\/damasketdentelle.com\/index.php\/city-guides\/montreal-city-guide-westmount-ndg\/#primaryimage"},"thumbnailUrl":"http:\/\/blog.damasketdentelle.com\/wp-content\/uploads\/Westmount-NDG_finalweb.jpg","datePublished":"2012-05-21T16:02:18+00:00","dateModified":"2018-01-25T19:32:54+00:00","description":"Welcome to my home! I grew up with the dream of one day living in Westmount. I loved the British style architecture, the brownstones & magnolias everywhere.","breadcrumb":{"@id":"https:\/\/damasketdentelle.com\/index.php\/city-guides\/montreal-city-guide-westmount-ndg\/#breadcrumb"},"inLanguage":"en-US","potentialAction":[{"@type":"ReadAction","target":["https:\/\/damasketdentelle.com\/index.php\/city-guides\/montreal-city-guide-westmount-ndg\/"]}]},{"@type":"ImageObject","inLanguage":"en-US","@id":"https:\/\/damasketdentelle.com\/index.php\/city-guides\/montreal-city-guide-westmount-ndg\/#primaryimage","url":"http:\/\/blog.damasketdentelle.com\/wp-content\/uploads\/Westmount-NDG_finalweb.jpg","contentUrl":"http:\/\/blog.damasketdentelle.com\/wp-content\/uploads\/Westmount-NDG_finalweb.jpg"},{"@type":"BreadcrumbList","@id":"https:\/\/damasketdentelle.com\/index.php\/city-guides\/montreal-city-guide-westmount-ndg\/#breadcrumb","itemListElement":[{"@type":"ListItem","position":1,"name":"Home","item":"https:\/\/damasketdentelle.com\/"},{"@type":"ListItem","position":2,"name":"City Guides","item":"https:\/\/damasketdentelle.com\/index.php\/city-guides\/"},{"@type":"ListItem","position":3,"name":"Montreal City Guide: Westmount &#038; NDG"}]},{"@type":"WebSite","@id":"https:\/\/damasketdentelle.com\/#website","url":"https:\/\/damasketdentelle.com\/","name":"Damask &amp; Dentelle","description":"Storytelling, Design and urban manifestos","potentialAction":[{"@type":"SearchAction","target":{"@type":"EntryPoint","urlTemplate":"https:\/\/damasketdentelle.com\/?s={search_term_string}"},"query-input":{"@type":"PropertyValueSpecification","valueRequired":true,"valueName":"search_term_string"}}],"inLanguage":"en-US"}]}},"_links":{"self":[{"href":"https:\/\/damasketdentelle.com\/index.php\/wp-json\/wp\/v2\/pages\/4474","targetHints":{"allow":["GET"]}}],"collection":[{"href":"https:\/\/damasketdentelle.com\/index.php\/wp-json\/wp\/v2\/pages"}],"about":[{"href":"https:\/\/damasketdentelle.com\/index.php\/wp-json\/wp\/v2\/types\/page"}],"author":[{"embeddable":true,"href":"https:\/\/damasketdentelle.com\/index.php\/wp-json\/wp\/v2\/users\/3"}],"replies":[{"embeddable":true,"href":"https:\/\/damasketdentelle.com\/index.php\/wp-json\/wp\/v2\/comments?post=4474"}],"version-history":[{"count":51,"href":"https:\/\/damasketdentelle.com\/index.php\/wp-json\/wp\/v2\/pages\/4474\/revisions"}],"predecessor-version":[{"id":22176,"href":"https:\/\/damasketdentelle.com\/index.php\/wp-json\/wp\/v2\/pages\/4474\/revisions\/22176"}],"up":[{"embeddable":true,"href":"https:\/\/damasketdentelle.com\/index.php\/wp-json\/wp\/v2\/pages\/3108"}],"wp:attachment":[{"href":"https:\/\/damasketdentelle.com\/index.php\/wp-json\/wp\/v2\/media?parent=4474"}],"curies":[{"name":"wp","href":"https:\/\/api.w.org\/{rel}","templated":true}]}}