{"id":5026,"date":"2012-06-21T21:38:31","date_gmt":"2012-06-22T01:38:31","guid":{"rendered":"http:\/\/blog.damasketdentelle.com\/?page_id=5026"},"modified":"2018-01-25T14:49:30","modified_gmt":"2018-01-25T19:49:30","slug":"le-livre-damask-dentelle","status":"publish","type":"page","link":"https:\/\/damasketdentelle.com\/index.php\/le-livre-damask-dentelle\/","title":{"rendered":"Le Livre"},"content":{"rendered":"<p><img loading=\"lazy\" decoding=\"async\" class=\"aligncenter size-full wp-image-19973\" src=\"http:\/\/blog.damasketdentelle.com\/wp-content\/uploads\/DAMASK-Cover-3.jpg\" alt=\"\" width=\"1022\" height=\"1263\" srcset=\"https:\/\/blog.damasketdentelle.com\/wp-content\/uploads\/DAMASK-Cover-3.jpg 1022w, https:\/\/blog.damasketdentelle.com\/wp-content\/uploads\/DAMASK-Cover-3-364x450.jpg 364w, https:\/\/blog.damasketdentelle.com\/wp-content\/uploads\/DAMASK-Cover-3-768x949.jpg 768w, https:\/\/blog.damasketdentelle.com\/wp-content\/uploads\/DAMASK-Cover-3-695x859.jpg 695w\" sizes=\"auto, (max-width: 1022px) 100vw, 1022px\" \/><\/p>\n<p>&#8220;Vanessa Sicotte propose ici un g\u00e9n\u00e9reux mode d\u2019emploi pour un int\u00e9rieur \u00e0 la fois sublime et totalement d\u00e9complex\u00e9. De l\u2019entr\u00e9e \u00e0 la salle de bain, en passant par la cuisine, le salon et les chambres, <em>Damask &amp; Dentelle<\/em>pr\u00e9sente plus de 300 id\u00e9es d\u2019am\u00e9nagements parfaitement imparfaits, des arrangements floraux aussi ravissants que surprenants et des trucs pour bricoler soi-m\u00eame des accessoires qui promettent d\u2019en mettre plein la vue. &#8221; &#8211; <a href=\"http:\/\/editions-cardinal.ca\/ca_fr\/damask-dentelle-2082.html\">Les \u00c9ditions Cardinal<\/a>.<\/p>\n<p><strong>At the present moment, the book is only available in French.\u00a0<\/strong><\/p>\n<h3><a href=\"http:\/\/www.renaud-bray.com\/Livres_Produit.aspx?id=1756775&amp;def=Damask+et+dentelle+%3A+300+trucs+pour+une+d\u00e9co+parfaitement+imparfaite%2CSICOTTE%2C+VANESSA%2C9782924155936\">Achetez-le ici<\/a><\/h3>\n<p><img loading=\"lazy\" decoding=\"async\" class=\"aligncenter size-full wp-image-19979\" src=\"http:\/\/blog.damasketdentelle.com\/wp-content\/uploads\/5-1.jpg\" alt=\"\" width=\"1344\" height=\"840\" srcset=\"https:\/\/blog.damasketdentelle.com\/wp-content\/uploads\/5-1.jpg 1344w, https:\/\/blog.damasketdentelle.com\/wp-content\/uploads\/5-1-450x281.jpg 450w, https:\/\/blog.damasketdentelle.com\/wp-content\/uploads\/5-1-768x480.jpg 768w, https:\/\/blog.damasketdentelle.com\/wp-content\/uploads\/5-1-695x434.jpg 695w\" sizes=\"auto, (max-width: 1344px) 100vw, 1344px\" \/><\/p>\n<p><img loading=\"lazy\" decoding=\"async\" class=\"aligncenter size-full wp-image-19980\" src=\"http:\/\/blog.damasketdentelle.com\/wp-content\/uploads\/6-1.jpg\" alt=\"\" width=\"1344\" height=\"840\" srcset=\"https:\/\/blog.damasketdentelle.com\/wp-content\/uploads\/6-1.jpg 1344w, https:\/\/blog.damasketdentelle.com\/wp-content\/uploads\/6-1-450x281.jpg 450w, https:\/\/blog.damasketdentelle.com\/wp-content\/uploads\/6-1-768x480.jpg 768w, https:\/\/blog.damasketdentelle.com\/wp-content\/uploads\/6-1-695x434.jpg 695w\" sizes=\"auto, (max-width: 1344px) 100vw, 1344px\" \/><\/p>\n<p><img loading=\"lazy\" decoding=\"async\" class=\"aligncenter size-full wp-image-19982\" src=\"http:\/\/blog.damasketdentelle.com\/wp-content\/uploads\/8-1.jpg\" alt=\"\" width=\"1344\" height=\"840\" srcset=\"https:\/\/blog.damasketdentelle.com\/wp-content\/uploads\/8-1.jpg 1344w, https:\/\/blog.damasketdentelle.com\/wp-content\/uploads\/8-1-450x281.jpg 450w, https:\/\/blog.damasketdentelle.com\/wp-content\/uploads\/8-1-768x480.jpg 768w, https:\/\/blog.damasketdentelle.com\/wp-content\/uploads\/8-1-695x434.jpg 695w\" sizes=\"auto, (max-width: 1344px) 100vw, 1344px\" \/><\/p>\n<p><img loading=\"lazy\" decoding=\"async\" class=\"aligncenter size-full wp-image-19983\" src=\"http:\/\/blog.damasketdentelle.com\/wp-content\/uploads\/8-2.jpg\" alt=\"\" width=\"1280\" height=\"801\" srcset=\"https:\/\/blog.damasketdentelle.com\/wp-content\/uploads\/8-2.jpg 1280w, https:\/\/blog.damasketdentelle.com\/wp-content\/uploads\/8-2-450x282.jpg 450w, https:\/\/blog.damasketdentelle.com\/wp-content\/uploads\/8-2-768x481.jpg 768w, https:\/\/blog.damasketdentelle.com\/wp-content\/uploads\/8-2-695x435.jpg 695w\" sizes=\"auto, (max-width: 1280px) 100vw, 1280px\" \/><\/p>\n<p><img loading=\"lazy\" decoding=\"async\" class=\"aligncenter size-full wp-image-19984\" src=\"http:\/\/blog.damasketdentelle.com\/wp-content\/uploads\/9-1.jpg\" alt=\"\" width=\"1344\" height=\"840\" srcset=\"https:\/\/blog.damasketdentelle.com\/wp-content\/uploads\/9-1.jpg 1344w, https:\/\/blog.damasketdentelle.com\/wp-content\/uploads\/9-1-450x281.jpg 450w, https:\/\/blog.damasketdentelle.com\/wp-content\/uploads\/9-1-768x480.jpg 768w, https:\/\/blog.damasketdentelle.com\/wp-content\/uploads\/9-1-695x434.jpg 695w\" sizes=\"auto, (max-width: 1344px) 100vw, 1344px\" \/><\/p>\n<p><img loading=\"lazy\" decoding=\"async\" class=\"aligncenter size-full wp-image-19977\" src=\"http:\/\/blog.damasketdentelle.com\/wp-content\/uploads\/3-2.jpg\" alt=\"\" width=\"1280\" height=\"801\" srcset=\"https:\/\/blog.damasketdentelle.com\/wp-content\/uploads\/3-2.jpg 1280w, https:\/\/blog.damasketdentelle.com\/wp-content\/uploads\/3-2-450x282.jpg 450w, https:\/\/blog.damasketdentelle.com\/wp-content\/uploads\/3-2-768x481.jpg 768w, https:\/\/blog.damasketdentelle.com\/wp-content\/uploads\/3-2-695x435.jpg 695w\" sizes=\"auto, (max-width: 1280px) 100vw, 1280px\" \/><\/p>\n<p><img loading=\"lazy\" decoding=\"async\" class=\"aligncenter size-full wp-image-19978\" src=\"http:\/\/blog.damasketdentelle.com\/wp-content\/uploads\/4-1.jpg\" alt=\"\" width=\"1344\" height=\"840\" srcset=\"https:\/\/blog.damasketdentelle.com\/wp-content\/uploads\/4-1.jpg 1344w, https:\/\/blog.damasketdentelle.com\/wp-content\/uploads\/4-1-450x281.jpg 450w, https:\/\/blog.damasketdentelle.com\/wp-content\/uploads\/4-1-768x480.jpg 768w, https:\/\/blog.damasketdentelle.com\/wp-content\/uploads\/4-1-695x434.jpg 695w\" sizes=\"auto, (max-width: 1344px) 100vw, 1344px\" \/><\/p>\n<p><img loading=\"lazy\" decoding=\"async\" class=\"aligncenter size-full wp-image-19975\" src=\"http:\/\/blog.damasketdentelle.com\/wp-content\/uploads\/1-5.jpg\" alt=\"\" width=\"1344\" height=\"840\" srcset=\"https:\/\/blog.damasketdentelle.com\/wp-content\/uploads\/1-5.jpg 1344w, https:\/\/blog.damasketdentelle.com\/wp-content\/uploads\/1-5-450x281.jpg 450w, https:\/\/blog.damasketdentelle.com\/wp-content\/uploads\/1-5-768x480.jpg 768w, https:\/\/blog.damasketdentelle.com\/wp-content\/uploads\/1-5-695x434.jpg 695w\" sizes=\"auto, (max-width: 1344px) 100vw, 1344px\" \/><\/p>\n<p><img loading=\"lazy\" decoding=\"async\" class=\"aligncenter size-full wp-image-19976\" src=\"http:\/\/blog.damasketdentelle.com\/wp-content\/uploads\/2-4.jpg\" alt=\"\" width=\"2048\" height=\"1280\" srcset=\"https:\/\/blog.damasketdentelle.com\/wp-content\/uploads\/2-4.jpg 2048w, https:\/\/blog.damasketdentelle.com\/wp-content\/uploads\/2-4-450x281.jpg 450w, https:\/\/blog.damasketdentelle.com\/wp-content\/uploads\/2-4-768x480.jpg 768w, https:\/\/blog.damasketdentelle.com\/wp-content\/uploads\/2-4-695x434.jpg 695w\" sizes=\"auto, (max-width: 2048px) 100vw, 2048px\" \/><\/p>\n<p>&nbsp;<\/p>\n","protected":false},"excerpt":{"rendered":"<p>&#8220;Vanessa Sicotte propose ici un g\u00e9n\u00e9reux mode d\u2019emploi pour un int\u00e9rieur \u00e0 la fois sublime et totalement d\u00e9complex\u00e9. De l\u2019entr\u00e9e \u00e0 la salle de bain, en passant par la cuisine, le salon et les chambres, Damask &amp; Dentellepr\u00e9sente plus de 300 id\u00e9es d\u2019am\u00e9nagements parfaitement imparfaits, des arrangements floraux aussi ravissants que surprenants et des trucs&#8230;<\/p>\n<p><a class=\"more-link\" href=\"https:\/\/damasketdentelle.com\/index.php\/le-livre-damask-dentelle\/\">Read More<\/a><\/p>","protected":false},"author":3,"featured_media":19973,"parent":0,"menu_order":0,"comment_status":"open","ping_status":"open","template":"","meta":{"_genesis_hide_title":false,"_genesis_hide_breadcrumbs":false,"_genesis_hide_singular_image":false,"_genesis_hide_footer_widgets":false,"_genesis_custom_body_class":"","_genesis_custom_post_class":"","_genesis_layout":"","footnotes":""},"class_list":{"0":"post-5026","1":"page","2":"type-page","3":"status-publish","4":"has-post-thumbnail","6":"entry"},"yoast_head":"<!-- This site is optimized with the Yoast SEO plugin v27.4 - https:\/\/yoast.com\/product\/yoast-seo-wordpress\/ -->\n<title>Le livre de Damask et Dentelle | D\u00e9coration Maison DIY | Vanessa Sicotte<\/title>\n<meta name=\"description\" content=\"Vanessa de Damask &amp; Dentelle signe son premier livre. \u00c0 travers des d\u00e9cors d\u00e9complex\u00e9s il vous aide \u00e0 cr\u00e9er votre propre d\u00e9cor parfaitement imparfait.\" \/>\n<meta name=\"robots\" content=\"index, follow, max-snippet:-1, max-image-preview:large, max-video-preview:-1\" \/>\n<link rel=\"canonical\" href=\"https:\/\/damasketdentelle.com\/index.php\/le-livre-damask-dentelle\/\" \/>\n<meta property=\"og:locale\" content=\"en_US\" \/>\n<meta property=\"og:type\" content=\"article\" \/>\n<meta property=\"og:title\" content=\"Le livre de Damask et Dentelle | D\u00e9coration Maison DIY | Vanessa Sicotte\" \/>\n<meta property=\"og:description\" content=\"Vanessa de Damask &amp; Dentelle signe son premier livre. \u00c0 travers des d\u00e9cors d\u00e9complex\u00e9s il vous aide \u00e0 cr\u00e9er votre propre d\u00e9cor parfaitement imparfait.\" \/>\n<meta property=\"og:url\" content=\"https:\/\/damasketdentelle.com\/index.php\/le-livre-damask-dentelle\/\" \/>\n<meta property=\"og:site_name\" content=\"Damask &amp; Dentelle\" \/>\n<meta property=\"article:publisher\" content=\"https:\/\/www.facebook.com\/damasketdentelle\" \/>\n<meta property=\"article:modified_time\" content=\"2018-01-25T19:49:30+00:00\" \/>\n<meta property=\"og:image\" content=\"https:\/\/blog.damasketdentelle.com\/wp-content\/uploads\/DAMASK-Cover-3.jpg\" \/>\n\t<meta property=\"og:image:width\" content=\"1022\" \/>\n\t<meta property=\"og:image:height\" content=\"1263\" \/>\n\t<meta property=\"og:image:type\" content=\"image\/jpeg\" \/>\n<script type=\"application\/ld+json\" class=\"yoast-schema-graph\">{\"@context\":\"https:\\\/\\\/schema.org\",\"@graph\":[{\"@type\":\"WebPage\",\"@id\":\"https:\\\/\\\/damasketdentelle.com\\\/index.php\\\/le-livre-damask-dentelle\\\/\",\"url\":\"https:\\\/\\\/damasketdentelle.com\\\/index.php\\\/le-livre-damask-dentelle\\\/\",\"name\":\"Le livre de Damask et Dentelle | D\u00e9coration Maison DIY | Vanessa Sicotte\",\"isPartOf\":{\"@id\":\"https:\\\/\\\/damasketdentelle.com\\\/#website\"},\"primaryImageOfPage\":{\"@id\":\"https:\\\/\\\/damasketdentelle.com\\\/index.php\\\/le-livre-damask-dentelle\\\/#primaryimage\"},\"image\":{\"@id\":\"https:\\\/\\\/damasketdentelle.com\\\/index.php\\\/le-livre-damask-dentelle\\\/#primaryimage\"},\"thumbnailUrl\":\"https:\\\/\\\/blog.damasketdentelle.com\\\/wp-content\\\/uploads\\\/DAMASK-Cover-3.jpg\",\"datePublished\":\"2012-06-22T01:38:31+00:00\",\"dateModified\":\"2018-01-25T19:49:30+00:00\",\"description\":\"Vanessa de Damask & Dentelle signe son premier livre. \u00c0 travers des d\u00e9cors d\u00e9complex\u00e9s il vous aide \u00e0 cr\u00e9er votre propre d\u00e9cor parfaitement imparfait.\",\"breadcrumb\":{\"@id\":\"https:\\\/\\\/damasketdentelle.com\\\/index.php\\\/le-livre-damask-dentelle\\\/#breadcrumb\"},\"inLanguage\":\"en-US\",\"potentialAction\":[{\"@type\":\"ReadAction\",\"target\":[\"https:\\\/\\\/damasketdentelle.com\\\/index.php\\\/le-livre-damask-dentelle\\\/\"]}]},{\"@type\":\"ImageObject\",\"inLanguage\":\"en-US\",\"@id\":\"https:\\\/\\\/damasketdentelle.com\\\/index.php\\\/le-livre-damask-dentelle\\\/#primaryimage\",\"url\":\"https:\\\/\\\/blog.damasketdentelle.com\\\/wp-content\\\/uploads\\\/DAMASK-Cover-3.jpg\",\"contentUrl\":\"https:\\\/\\\/blog.damasketdentelle.com\\\/wp-content\\\/uploads\\\/DAMASK-Cover-3.jpg\",\"width\":1022,\"height\":1263},{\"@type\":\"BreadcrumbList\",\"@id\":\"https:\\\/\\\/damasketdentelle.com\\\/index.php\\\/le-livre-damask-dentelle\\\/#breadcrumb\",\"itemListElement\":[{\"@type\":\"ListItem\",\"position\":1,\"name\":\"Home\",\"item\":\"https:\\\/\\\/damasketdentelle.com\\\/\"},{\"@type\":\"ListItem\",\"position\":2,\"name\":\"Le Livre\"}]},{\"@type\":\"WebSite\",\"@id\":\"https:\\\/\\\/damasketdentelle.com\\\/#website\",\"url\":\"https:\\\/\\\/damasketdentelle.com\\\/\",\"name\":\"Damask &amp; Dentelle\",\"description\":\"Storytelling, Design and urban manifestos\",\"potentialAction\":[{\"@type\":\"SearchAction\",\"target\":{\"@type\":\"EntryPoint\",\"urlTemplate\":\"https:\\\/\\\/damasketdentelle.com\\\/?s={search_term_string}\"},\"query-input\":{\"@type\":\"PropertyValueSpecification\",\"valueRequired\":true,\"valueName\":\"search_term_string\"}}],\"inLanguage\":\"en-US\"}]}<\/script>\n<!-- \/ Yoast SEO plugin. -->","yoast_head_json":{"title":"Le livre de Damask et Dentelle | D\u00e9coration Maison DIY | Vanessa Sicotte","description":"Vanessa de Damask & Dentelle signe son premier livre. \u00c0 travers des d\u00e9cors d\u00e9complex\u00e9s il vous aide \u00e0 cr\u00e9er votre propre d\u00e9cor parfaitement imparfait.","robots":{"index":"index","follow":"follow","max-snippet":"max-snippet:-1","max-image-preview":"max-image-preview:large","max-video-preview":"max-video-preview:-1"},"canonical":"https:\/\/damasketdentelle.com\/index.php\/le-livre-damask-dentelle\/","og_locale":"en_US","og_type":"article","og_title":"Le livre de Damask et Dentelle | D\u00e9coration Maison DIY | Vanessa Sicotte","og_description":"Vanessa de Damask & Dentelle signe son premier livre. \u00c0 travers des d\u00e9cors d\u00e9complex\u00e9s il vous aide \u00e0 cr\u00e9er votre propre d\u00e9cor parfaitement imparfait.","og_url":"https:\/\/damasketdentelle.com\/index.php\/le-livre-damask-dentelle\/","og_site_name":"Damask &amp; Dentelle","article_publisher":"https:\/\/www.facebook.com\/damasketdentelle","article_modified_time":"2018-01-25T19:49:30+00:00","og_image":[{"width":1022,"height":1263,"url":"https:\/\/blog.damasketdentelle.com\/wp-content\/uploads\/DAMASK-Cover-3.jpg","type":"image\/jpeg"}],"schema":{"@context":"https:\/\/schema.org","@graph":[{"@type":"WebPage","@id":"https:\/\/damasketdentelle.com\/index.php\/le-livre-damask-dentelle\/","url":"https:\/\/damasketdentelle.com\/index.php\/le-livre-damask-dentelle\/","name":"Le livre de Damask et Dentelle | D\u00e9coration Maison DIY | Vanessa Sicotte","isPartOf":{"@id":"https:\/\/damasketdentelle.com\/#website"},"primaryImageOfPage":{"@id":"https:\/\/damasketdentelle.com\/index.php\/le-livre-damask-dentelle\/#primaryimage"},"image":{"@id":"https:\/\/damasketdentelle.com\/index.php\/le-livre-damask-dentelle\/#primaryimage"},"thumbnailUrl":"https:\/\/blog.damasketdentelle.com\/wp-content\/uploads\/DAMASK-Cover-3.jpg","datePublished":"2012-06-22T01:38:31+00:00","dateModified":"2018-01-25T19:49:30+00:00","description":"Vanessa de Damask & Dentelle signe son premier livre. \u00c0 travers des d\u00e9cors d\u00e9complex\u00e9s il vous aide \u00e0 cr\u00e9er votre propre d\u00e9cor parfaitement imparfait.","breadcrumb":{"@id":"https:\/\/damasketdentelle.com\/index.php\/le-livre-damask-dentelle\/#breadcrumb"},"inLanguage":"en-US","potentialAction":[{"@type":"ReadAction","target":["https:\/\/damasketdentelle.com\/index.php\/le-livre-damask-dentelle\/"]}]},{"@type":"ImageObject","inLanguage":"en-US","@id":"https:\/\/damasketdentelle.com\/index.php\/le-livre-damask-dentelle\/#primaryimage","url":"https:\/\/blog.damasketdentelle.com\/wp-content\/uploads\/DAMASK-Cover-3.jpg","contentUrl":"https:\/\/blog.damasketdentelle.com\/wp-content\/uploads\/DAMASK-Cover-3.jpg","width":1022,"height":1263},{"@type":"BreadcrumbList","@id":"https:\/\/damasketdentelle.com\/index.php\/le-livre-damask-dentelle\/#breadcrumb","itemListElement":[{"@type":"ListItem","position":1,"name":"Home","item":"https:\/\/damasketdentelle.com\/"},{"@type":"ListItem","position":2,"name":"Le Livre"}]},{"@type":"WebSite","@id":"https:\/\/damasketdentelle.com\/#website","url":"https:\/\/damasketdentelle.com\/","name":"Damask &amp; Dentelle","description":"Storytelling, Design and urban manifestos","potentialAction":[{"@type":"SearchAction","target":{"@type":"EntryPoint","urlTemplate":"https:\/\/damasketdentelle.com\/?s={search_term_string}"},"query-input":{"@type":"PropertyValueSpecification","valueRequired":true,"valueName":"search_term_string"}}],"inLanguage":"en-US"}]}},"_links":{"self":[{"href":"https:\/\/damasketdentelle.com\/index.php\/wp-json\/wp\/v2\/pages\/5026","targetHints":{"allow":["GET"]}}],"collection":[{"href":"https:\/\/damasketdentelle.com\/index.php\/wp-json\/wp\/v2\/pages"}],"about":[{"href":"https:\/\/damasketdentelle.com\/index.php\/wp-json\/wp\/v2\/types\/page"}],"author":[{"embeddable":true,"href":"https:\/\/damasketdentelle.com\/index.php\/wp-json\/wp\/v2\/users\/3"}],"replies":[{"embeddable":true,"href":"https:\/\/damasketdentelle.com\/index.php\/wp-json\/wp\/v2\/comments?post=5026"}],"version-history":[{"count":31,"href":"https:\/\/damasketdentelle.com\/index.php\/wp-json\/wp\/v2\/pages\/5026\/revisions"}],"predecessor-version":[{"id":19985,"href":"https:\/\/damasketdentelle.com\/index.php\/wp-json\/wp\/v2\/pages\/5026\/revisions\/19985"}],"wp:featuredmedia":[{"embeddable":true,"href":"https:\/\/damasketdentelle.com\/index.php\/wp-json\/wp\/v2\/media\/19973"}],"wp:attachment":[{"href":"https:\/\/damasketdentelle.com\/index.php\/wp-json\/wp\/v2\/media?parent=5026"}],"curies":[{"name":"wp","href":"https:\/\/api.w.org\/{rel}","templated":true}]}}